{"id":244885,"date":"2021-06-10T15:50:38","date_gmt":"2021-06-10T13:50:38","guid":{"rendered":"https:\/\/baptistecaron.fr\/?page_id=244885"},"modified":"2021-06-13T16:16:18","modified_gmt":"2021-06-13T14:16:18","slug":"cache-helice","status":"publish","type":"page","link":"https:\/\/baptistecaron.fr\/index.php\/cache-helice\/","title":{"rendered":"Cach\u00e9 H\u00e9lice"},"content":{"rendered":"<p>[et_pb_section fb_built=&#8221;1&#8243; _builder_version=&#8221;4.7.7&#8243; _module_preset=&#8221;default&#8221;][et_pb_row _builder_version=&#8221;4.7.7&#8243; _module_preset=&#8221;default&#8221; hover_enabled=&#8221;0&#8243; sticky_enabled=&#8221;0&#8243;][et_pb_column type=&#8221;4_4&#8243; _builder_version=&#8221;4.7.7&#8243; _module_preset=&#8221;default&#8221;][et_pb_text _builder_version=&#8221;4.7.7&#8243; _module_preset=&#8221;default&#8221; hover_enabled=&#8221;0&#8243; sticky_enabled=&#8221;0&#8243; custom_margin=&#8221;||0px|||&#8221; custom_padding=&#8221;||0px|||&#8221;]<\/p>\n<p><span style=\"text-decoration: underline;\">L&#8217;H\u00e9lice<\/span> est un sc\u00e9nario de <strong>court-m\u00e9trage d&#8217;animation<\/strong> qui parle de libert\u00e9 et qui se lit tr\u00e8s vite ! (7 pages seulement et en format sc\u00e9nario)<br \/> Il y a de l&#8217;<strong>action<\/strong>, de la <strong>com\u00e9die<\/strong>, un peu de <strong>po\u00e9sie<\/strong> et le h\u00e9ros est un petit ventilateur. Que demander de plus ? Une pilote anarchiste ? Sans probl\u00e8me, c&#8217;est ajout\u00e9.<\/p>\n<p style=\"text-align: center;\">Vous pouvez lire le sc\u00e9nario ici :\u00a0<a href=\"https:\/\/baptistecaron.fr\/wp-content\/uploads\/2021\/03\/lhelice_scenario-19_03_2021.pdf\" style=\"font-size: 14px;\">Sc\u00e9nario de l&#8217;H\u00e9lice<\/a><\/p>\n<p style=\"text-align: center;\">\u00a0<a href=\"https:\/\/baptistecaron.fr\/index.php\/lhelice\/\">La page du projet<\/a> si vous voulez en savoir plus<\/p>\n<p style=\"text-align: center;\">Et si l&#8217;histoire vous plait et que vous voulez m&#8217;aider \u00e0 lui donner vie&#8230;<\/p>\n<p style=\"text-align: center;\"><span style=\"font-size: 14px; text-align: left;\">\u00a0<\/span><\/p>\n<p>[\/et_pb_text][et_pb_button button_text=&#8221;Contactez-moi !&#8221; button_alignment=&#8221;center&#8221; _builder_version=&#8221;4.7.7&#8243; _module_preset=&#8221;default&#8221; custom_button=&#8221;on&#8221; button_text_size=&#8221;18px&#8221; button_text_color=&#8221;#ffffff&#8221; button_bg_color=&#8221;#85210b&#8221; button_border_radius=&#8221;11px&#8221; button_letter_spacing=&#8221;1px&#8221; hover_enabled=&#8221;0&#8243; sticky_enabled=&#8221;0&#8243;][\/et_pb_button][\/et_pb_column][\/et_pb_row][\/et_pb_section]<\/p>\n","protected":false},"excerpt":{"rendered":"<p>[et_pb_section fb_built=&#8221;1&#8243; _builder_version=&#8221;4.7.7&#8243; _module_preset=&#8221;default&#8221;][et_pb_row _builder_version=&#8221;4.7.7&#8243; _module_preset=&#8221;default&#8221; hover_enabled=&#8221;0&#8243; sticky_enabled=&#8221;0&#8243;][et_pb_column type=&#8221;4_4&#8243; _builder_version=&#8221;4.7.7&#8243; _module_preset=&#8221;default&#8221;][et_pb_text _builder_version=&#8221;4.7.7&#8243; _module_preset=&#8221;default&#8221; hover_enabled=&#8221;0&#8243; sticky_enabled=&#8221;0&#8243; custom_margin=&#8221;||0px|||&#8221; custom_padding=&#8221;||0px|||&#8221;] L&#8217;H\u00e9lice est un sc\u00e9nario de court-m\u00e9trage d&#8217;animation qui parle de libert\u00e9 et qui se lit tr\u00e8s vite ! (7 pages seulement et en format sc\u00e9nario) Il y a de l&#8217;action, de la com\u00e9die, un peu de po\u00e9sie et [&hellip;]<\/p>\n","protected":false},"author":1,"featured_media":0,"parent":0,"menu_order":0,"comment_status":"closed","ping_status":"closed","template":"","meta":{"_et_pb_use_builder":"on","_et_pb_old_content":"","_et_gb_content_width":"","footnotes":""},"class_list":["post-244885","page","type-page","status-publish","hentry"],"yoast_head":"<!-- This site is optimized with the Yoast SEO plugin v24.6 - https:\/\/yoast.com\/wordpress\/plugins\/seo\/ -->\n<title>Cach\u00e9 H\u00e9lice - Baptiste Caron<\/title>\n<meta name=\"robots\" content=\"index, follow, max-snippet:-1, max-image-preview:large, max-video-preview:-1\" \/>\n<link rel=\"canonical\" href=\"https:\/\/baptistecaron.fr\/index.php\/cache-helice\/\" \/>\n<meta property=\"og:locale\" content=\"en_US\" \/>\n<meta property=\"og:type\" content=\"article\" \/>\n<meta property=\"og:title\" content=\"Cach\u00e9 H\u00e9lice - Baptiste Caron\" \/>\n<meta property=\"og:description\" content=\"[et_pb_section fb_built=&#8221;1&#8243; _builder_version=&#8221;4.7.7&#8243; _module_preset=&#8221;default&#8221;][et_pb_row _builder_version=&#8221;4.7.7&#8243; _module_preset=&#8221;default&#8221; hover_enabled=&#8221;0&#8243; sticky_enabled=&#8221;0&#8243;][et_pb_column type=&#8221;4_4&#8243; _builder_version=&#8221;4.7.7&#8243; _module_preset=&#8221;default&#8221;][et_pb_text _builder_version=&#8221;4.7.7&#8243; _module_preset=&#8221;default&#8221; hover_enabled=&#8221;0&#8243; sticky_enabled=&#8221;0&#8243; custom_margin=&#8221;||0px|||&#8221; custom_padding=&#8221;||0px|||&#8221;] L&#8217;H\u00e9lice est un sc\u00e9nario de court-m\u00e9trage d&#8217;animation qui parle de libert\u00e9 et qui se lit tr\u00e8s vite ! (7 pages seulement et en format sc\u00e9nario) Il y a de l&#8217;action, de la com\u00e9die, un peu de po\u00e9sie et [&hellip;]\" \/>\n<meta property=\"og:url\" content=\"https:\/\/baptistecaron.fr\/index.php\/cache-helice\/\" \/>\n<meta property=\"og:site_name\" content=\"Baptiste Caron\" \/>\n<meta property=\"article:modified_time\" content=\"2021-06-13T14:16:18+00:00\" \/>\n<meta name=\"twitter:card\" content=\"summary_large_image\" \/>\n<script type=\"application\/ld+json\" class=\"yoast-schema-graph\">{\"@context\":\"https:\/\/schema.org\",\"@graph\":[{\"@type\":\"WebPage\",\"@id\":\"https:\/\/baptistecaron.fr\/index.php\/cache-helice\/\",\"url\":\"https:\/\/baptistecaron.fr\/index.php\/cache-helice\/\",\"name\":\"Cach\u00e9 H\u00e9lice - Baptiste Caron\",\"isPartOf\":{\"@id\":\"https:\/\/baptistecaron.fr\/#website\"},\"datePublished\":\"2021-06-10T13:50:38+00:00\",\"dateModified\":\"2021-06-13T14:16:18+00:00\",\"breadcrumb\":{\"@id\":\"https:\/\/baptistecaron.fr\/index.php\/cache-helice\/#breadcrumb\"},\"inLanguage\":\"en-US\",\"potentialAction\":[{\"@type\":\"ReadAction\",\"target\":[\"https:\/\/baptistecaron.fr\/index.php\/cache-helice\/\"]}]},{\"@type\":\"BreadcrumbList\",\"@id\":\"https:\/\/baptistecaron.fr\/index.php\/cache-helice\/#breadcrumb\",\"itemListElement\":[{\"@type\":\"ListItem\",\"position\":1,\"name\":\"Accueil\",\"item\":\"https:\/\/baptistecaron.fr\/\"},{\"@type\":\"ListItem\",\"position\":2,\"name\":\"Cach\u00e9 H\u00e9lice\"}]},{\"@type\":\"WebSite\",\"@id\":\"https:\/\/baptistecaron.fr\/#website\",\"url\":\"https:\/\/baptistecaron.fr\/\",\"name\":\"Baptiste Caron\",\"description\":\"Sc\u00e9nariste\",\"potentialAction\":[{\"@type\":\"SearchAction\",\"target\":{\"@type\":\"EntryPoint\",\"urlTemplate\":\"https:\/\/baptistecaron.fr\/?s={search_term_string}\"},\"query-input\":{\"@type\":\"PropertyValueSpecification\",\"valueRequired\":true,\"valueName\":\"search_term_string\"}}],\"inLanguage\":\"en-US\"}]}<\/script>\n<!-- \/ Yoast SEO plugin. -->","yoast_head_json":{"title":"Cach\u00e9 H\u00e9lice - Baptiste Caron","robots":{"index":"index","follow":"follow","max-snippet":"max-snippet:-1","max-image-preview":"max-image-preview:large","max-video-preview":"max-video-preview:-1"},"canonical":"https:\/\/baptistecaron.fr\/index.php\/cache-helice\/","og_locale":"en_US","og_type":"article","og_title":"Cach\u00e9 H\u00e9lice - Baptiste Caron","og_description":"[et_pb_section fb_built=&#8221;1&#8243; _builder_version=&#8221;4.7.7&#8243; _module_preset=&#8221;default&#8221;][et_pb_row _builder_version=&#8221;4.7.7&#8243; _module_preset=&#8221;default&#8221; hover_enabled=&#8221;0&#8243; sticky_enabled=&#8221;0&#8243;][et_pb_column type=&#8221;4_4&#8243; _builder_version=&#8221;4.7.7&#8243; _module_preset=&#8221;default&#8221;][et_pb_text _builder_version=&#8221;4.7.7&#8243; _module_preset=&#8221;default&#8221; hover_enabled=&#8221;0&#8243; sticky_enabled=&#8221;0&#8243; custom_margin=&#8221;||0px|||&#8221; custom_padding=&#8221;||0px|||&#8221;] L&#8217;H\u00e9lice est un sc\u00e9nario de court-m\u00e9trage d&#8217;animation qui parle de libert\u00e9 et qui se lit tr\u00e8s vite ! (7 pages seulement et en format sc\u00e9nario) Il y a de l&#8217;action, de la com\u00e9die, un peu de po\u00e9sie et [&hellip;]","og_url":"https:\/\/baptistecaron.fr\/index.php\/cache-helice\/","og_site_name":"Baptiste Caron","article_modified_time":"2021-06-13T14:16:18+00:00","twitter_card":"summary_large_image","schema":{"@context":"https:\/\/schema.org","@graph":[{"@type":"WebPage","@id":"https:\/\/baptistecaron.fr\/index.php\/cache-helice\/","url":"https:\/\/baptistecaron.fr\/index.php\/cache-helice\/","name":"Cach\u00e9 H\u00e9lice - Baptiste Caron","isPartOf":{"@id":"https:\/\/baptistecaron.fr\/#website"},"datePublished":"2021-06-10T13:50:38+00:00","dateModified":"2021-06-13T14:16:18+00:00","breadcrumb":{"@id":"https:\/\/baptistecaron.fr\/index.php\/cache-helice\/#breadcrumb"},"inLanguage":"en-US","potentialAction":[{"@type":"ReadAction","target":["https:\/\/baptistecaron.fr\/index.php\/cache-helice\/"]}]},{"@type":"BreadcrumbList","@id":"https:\/\/baptistecaron.fr\/index.php\/cache-helice\/#breadcrumb","itemListElement":[{"@type":"ListItem","position":1,"name":"Accueil","item":"https:\/\/baptistecaron.fr\/"},{"@type":"ListItem","position":2,"name":"Cach\u00e9 H\u00e9lice"}]},{"@type":"WebSite","@id":"https:\/\/baptistecaron.fr\/#website","url":"https:\/\/baptistecaron.fr\/","name":"Baptiste Caron","description":"Sc\u00e9nariste","potentialAction":[{"@type":"SearchAction","target":{"@type":"EntryPoint","urlTemplate":"https:\/\/baptistecaron.fr\/?s={search_term_string}"},"query-input":{"@type":"PropertyValueSpecification","valueRequired":true,"valueName":"search_term_string"}}],"inLanguage":"en-US"}]}},"_links":{"self":[{"href":"https:\/\/baptistecaron.fr\/index.php\/wp-json\/wp\/v2\/pages\/244885","targetHints":{"allow":["GET"]}}],"collection":[{"href":"https:\/\/baptistecaron.fr\/index.php\/wp-json\/wp\/v2\/pages"}],"about":[{"href":"https:\/\/baptistecaron.fr\/index.php\/wp-json\/wp\/v2\/types\/page"}],"author":[{"embeddable":true,"href":"https:\/\/baptistecaron.fr\/index.php\/wp-json\/wp\/v2\/users\/1"}],"replies":[{"embeddable":true,"href":"https:\/\/baptistecaron.fr\/index.php\/wp-json\/wp\/v2\/comments?post=244885"}],"version-history":[{"count":7,"href":"https:\/\/baptistecaron.fr\/index.php\/wp-json\/wp\/v2\/pages\/244885\/revisions"}],"predecessor-version":[{"id":244898,"href":"https:\/\/baptistecaron.fr\/index.php\/wp-json\/wp\/v2\/pages\/244885\/revisions\/244898"}],"wp:attachment":[{"href":"https:\/\/baptistecaron.fr\/index.php\/wp-json\/wp\/v2\/media?parent=244885"}],"curies":[{"name":"wp","href":"https:\/\/api.w.org\/{rel}","templated":true}]}}