{"id":244737,"date":"2021-03-18T22:00:22","date_gmt":"2021-03-18T21:00:22","guid":{"rendered":"https:\/\/baptistecaron.fr\/?page_id=244737"},"modified":"2021-03-23T09:37:13","modified_gmt":"2021-03-23T08:37:13","slug":"mentions-legales","status":"publish","type":"page","link":"https:\/\/baptistecaron.fr\/index.php\/mentions-legales\/","title":{"rendered":"Mentions l\u00e9gales"},"content":{"rendered":"<p>[et_pb_section fb_built=&#8221;1&#8243; _builder_version=&#8221;4.7.7&#8243; _module_preset=&#8221;default&#8221; use_background_color_gradient=&#8221;on&#8221; background_color_gradient_start=&#8221;rgba(0,45,45,0.57)&#8221; background_color_gradient_end=&#8221;rgba(0,0,0,0)&#8221; background_color_gradient_direction=&#8221;105deg&#8221; background_color_gradient_end_position=&#8221;70%&#8221; background_color_gradient_overlays_image=&#8221;on&#8221; background_image=&#8221;https:\/\/baptistecaron.fr\/wp-content\/uploads\/2021\/01\/1593520630923.jpg&#8221; background_position=&#8221;top_center&#8221; height=&#8221;352px&#8221; custom_margin=&#8221;||0px|||&#8221; custom_padding=&#8221;289px||5px||false|false&#8221; background_last_edited=&#8221;on|phone&#8221; background_size_phone=&#8221;contain&#8221;][et_pb_row _builder_version=&#8221;4.7.7&#8243; _module_preset=&#8221;default&#8221; background_color=&#8221;rgba(0,0,0,0)&#8221; width=&#8221;100%&#8221; custom_margin=&#8221;-2px|auto|-6px|auto||&#8221; custom_padding=&#8221;3px||4px|||&#8221;][et_pb_column type=&#8221;4_4&#8243; _builder_version=&#8221;4.7.7&#8243; _module_preset=&#8221;default&#8221;][et_pb_text _builder_version=&#8221;4.7.7&#8243; _module_preset=&#8221;default&#8221; text_font=&#8221;Courier Prime||||||||&#8221; text_text_color=&#8221;#ffffff&#8221; text_font_size=&#8221;17px&#8221; text_line_height=&#8221;2.2em&#8221; header_font=&#8221;Courier Prime||||||||&#8221; header_text_color=&#8221;#ffffff&#8221; header_font_size=&#8221;34px&#8221; header_letter_spacing=&#8221;2px&#8221; header_2_font=&#8221;Courier Prime||||||||&#8221; header_2_text_color=&#8221;#ffffff&#8221; background_color=&#8221;rgba(0,0,0,0)&#8221; text_orientation=&#8221;center&#8221; custom_margin=&#8221;6px||5px|||&#8221; custom_padding=&#8221;0px||0px|||&#8221;]<\/p>\n<h2 class=\"entry-title\" style=\"text-align: left;\">Mentions l\u00e9gales et politique de confidentialit\u00e9<\/h2>\n<p>[\/et_pb_text][\/et_pb_column][\/et_pb_row][\/et_pb_section][et_pb_section fb_built=&#8221;1&#8243; _builder_version=&#8221;4.7.7&#8243; _module_preset=&#8221;default&#8221; custom_padding=&#8221;19px||13px|||&#8221;][et_pb_row _builder_version=&#8221;4.7.7&#8243; _module_preset=&#8221;default&#8221;][et_pb_column type=&#8221;4_4&#8243; _builder_version=&#8221;4.7.7&#8243; _module_preset=&#8221;default&#8221;][et_pb_text _builder_version=&#8221;4.7.7&#8243; _module_preset=&#8221;default&#8221; hover_enabled=&#8221;0&#8243; sticky_enabled=&#8221;0&#8243;]<\/p>\n<h2 style=\"text-align: justify;\">Mentions l\u00e9gales<\/h2>\n<p>&nbsp;<\/p>\n<h2 style=\"text-align: justify;\"><\/h2>\n<h2 style=\"text-align: justify;\">1. Pr\u00e9sentation du site<\/h2>\n<p style=\"text-align: justify;\">Conform\u00e9ment aux dispositions des articles 6-III et 19 de la Loi n\u00b0 2004-575 du 21 juin 2004 pour la Confiance dans l\u2019\u00e9conomie num\u00e9rique, dite L.C.E.N., nous portons \u00e0 la connaissance des utilisateurs et visiteurs du site : www.baptistecaron.fr ; les informations suivantes :<\/p>\n<p style=\"text-align: justify;\">L\u2019h\u00e9bergeur du site est : OVH SAS \u2013 2 rue Kellermann, 59100 Roubaix, France \u2013 05 22 26 00 86<\/p>\n<h3 style=\"text-align: justify;\">2. Propri\u00e9t\u00e9 intellectuelle et contrefa\u00e7ons<\/h3>\n<p><span style=\"font-size: 14px;\"><\/span><\/p>\n<p><span style=\"font-size: 14px;\">Cr\u00e9dits photos portrait : <\/span><\/p>\n<p><span style=\"font-size: 14px;\"><strong>Esther Kouadio<\/strong>, retrouvez son travail sur\u00a0<\/span><a href=\"https:\/\/ekphotographisme.fr\/\" style=\"font-size: 14px;\" target=\"_blank\" rel=\"noopener noreferrer\">ekphotographisme.fr<\/a><\/p>\n<p style=\"text-align: justify;\">A l&#8217;exception des photos portraits, le propri\u00e9taire du site est propri\u00e9taire des droits de propri\u00e9t\u00e9 intellectuelle ou d\u00e9tient les droits d\u2019usage sur tous les \u00e9l\u00e9ments accessibles sur le site, notamment les textes, images, graphismes, logo, ic\u00f4nes, sons, logiciels\u2026<br \/> Toute reproduction, repr\u00e9sentation, modification, publication, adaptation totale ou partielle des \u00e9l\u00e9ments du site, quel que soit le moyen ou le proc\u00e9d\u00e9 utilis\u00e9, est interdite, sauf demande d\u2019autorisation \u00e9crite pr\u00e9alable envoy\u00e9e \u00e0 l\u2019email baptistecaron02@gmail.com et validation de l\u2019autorisation par le propri\u00e9taire du site.<br \/> Toute exploitation non autoris\u00e9e du site ou de l\u2019un quelconque de ces \u00e9l\u00e9ments qu\u2019il contient sera consid\u00e9r\u00e9e comme constitutive d\u2019une contrefa\u00e7on et poursuivie conform\u00e9ment aux dispositions des articles L.335-2 et suivants du Code de Propri\u00e9t\u00e9 Intellectuelle.<\/p>\n<h3 style=\"text-align: justify;\">3. Liens hypertextes et cookies<\/h3>\n<p style=\"text-align: justify;\">Le site www.baptistecaron.fr ; contient un certain nombre de liens hypertextes vers d\u2019autres sites (partenaires, informations \u2026) mis en place avec l\u2019autorisation du propri\u00e9taire du site . Cependant, le propri\u00e9taire du site n\u2019a pas la possibilit\u00e9 de v\u00e9rifier le contenu des sites ainsi visit\u00e9s et d\u00e9cline donc toute responsabilit\u00e9 de ce fait quand aux risques \u00e9ventuels de contenus illicites.<\/p>\n<p style=\"text-align: justify;\">L\u2019utilisateur est inform\u00e9 que lors de ses visites sur le site www.baptistecaron.fr ; un ou des cookies sont susceptible de s\u2019installer automatiquement sur son ordinateur. Un cookie est un fichier de petite taille, qui ne permet pas l\u2019identification de l\u2019utilisateur, mais qui enregistre des informations relatives \u00e0 la navigation d\u2019un ordinateur sur un site. Les donn\u00e9es ainsi obtenues visent \u00e0 faciliter la navigation ult\u00e9rieure sur le site, et ont \u00e9galement vocation \u00e0 permettre diverses mesures de fr\u00e9quentation.<\/p>\n<p style=\"text-align: justify;\">Le param\u00e9trage du logiciel de navigation permet d\u2019informer de la pr\u00e9sence de cookie et \u00e9ventuellement, de refuser de la mani\u00e8re d\u00e9crite \u00e0 l\u2019adresse suivante : www.cnil.fr<br \/> Le refus d\u2019installation d\u2019un cookie peut entra\u00eener l\u2019impossibilit\u00e9 d\u2019acc\u00e9der \u00e0 certains services. L\u2019utilisateur peut toutefois configurer les options de son logiciel de navigation pour refuser l\u2019installation des cookies.<\/p>\n<h3 style=\"text-align: justify;\">4. Protection des biens et des personnes \u2013 gestion des donn\u00e9es personnelles :<\/h3>\n<p style=\"text-align: justify;\">Utilisateur : Internaute se connectant, utilisant le site susnomm\u00e9 : <a href=\"http:\/\/www.baptistecaron.fr\">www.baptistecaron.fr<\/a><br \/> En France, les donn\u00e9es personnelles sont notamment prot\u00e9g\u00e9es par la loi n\u00b0 78-87 du 6 janvier 1978, la loi n\u00b0 2004-801 du 6 ao\u00fbt 2004, l\u2019article L. 226-13 du Code p\u00e9nal et la Directive Europ\u00e9enne du 24 octobre 1995.<\/p>\n<p style=\"text-align: justify;\">Sur le site <a href=\"http:\/\/www.baptistecaron.fr\">www.baptistecaron.fr<\/a> ; le propri\u00e9taire du site ne collecte des informations personnelles relatives \u00e0 l\u2019utilisateur que pour le besoin de certains services propos\u00e9s par le site www.baptistecaron.fr. L\u2019utilisateur fournit ces informations en toute connaissance de cause, notamment lorsqu\u2019il proc\u00e8de par lui-m\u00eame \u00e0 leur saisie. Il est alors pr\u00e9cis\u00e9 \u00e0 l\u2019utilisateur du site www.baptistecaron.fr l\u2019obligation ou non de fournir ces informations.<br \/> Conform\u00e9ment aux dispositions des articles 38 et suivants de la loi 78-17 du 6 janvier 1978 relative \u00e0 l\u2019informatique, aux fichiers et aux libert\u00e9s, tout utilisateur dispose d\u2019un droit d\u2019acc\u00e8s, de rectification, de suppression et d\u2019opposition aux donn\u00e9es personnelles le concernant. Pour l\u2019exercer, adressez votre demande \u00e9crite et sign\u00e9e \u00e0 baptistecaron02@gmail.com, accompagn\u00e9e d\u2019une copie du titre d\u2019identit\u00e9 avec signature du titulaire de la pi\u00e8ce, en pr\u00e9cisant l\u2019adresse \u00e0 laquelle la r\u00e9ponse doit \u00eatre envoy\u00e9e.<\/p>\n<p style=\"text-align: justify;\">Aucune information personnelle de l\u2019utilisateur du site <a href=\"http:\/\/www.baptistecaron.fr\">www.baptistecaron.fr<\/a> n\u2019est publi\u00e9e \u00e0 l\u2019insu de l\u2019utilisateur, \u00e9chang\u00e9e, transf\u00e9r\u00e9e, c\u00e9d\u00e9e ou vendue sur un support quelconque \u00e0 des tiers. Seule l\u2019hypoth\u00e8se du rachat du site <a href=\"http:\/\/www.baptistecaron.fr\">www.baptistecaron.fr<\/a> au propri\u00e9taire du site et de ses droits permettrait la transmission des dites informations \u00e0 l\u2019\u00e9ventuel acqu\u00e9reur qui serait \u00e0 son tour tenu de la m\u00eame obligation de conservation et de modification des donn\u00e9es vis \u00e0 vis de l\u2019utilisateur du site <a href=\"http:\/\/www.baptistecaron.fr\">www.baptistecaron.fr<\/a>.<\/p>\n<p style=\"text-align: justify;\">Les bases de donn\u00e9es sont prot\u00e9g\u00e9es par les dispositions de la loi du 1er juillet 1998 transposant la directive 96\/9 du 11 mars 1996 relative \u00e0 la protection juridique des bases de donn\u00e9es.<\/p>\n<h2 style=\"text-align: justify;\">Politique de confidentialit\u00e9<\/h2>\n<p>&nbsp;<\/p>\n<p style=\"text-align: justify;\">Devant le d\u00e9veloppement des nouveaux outils de communication, il est n\u00e9cessaire de porter une attention particuli\u00e8re \u00e0 la protection de la vie priv\u00e9e. C\u2019est pourquoi, nous nous engageons \u00e0 respecter la confidentialit\u00e9 des renseignements personnels que nous collectons.<\/p>\n<h3 style=\"text-align: justify;\">1. Collecte des renseignements personnels<\/h3>\n<p style=\"text-align: justify;\">Nous collectons les renseignements suivants :<\/p>\n<p style=\"text-align: justify;\">Pr\u00e9nom &amp; Nom<br \/> Adresse Electronique<br \/> Les renseignements personnels que nous collectons sont recueillis au travers de formulaires et gr\u00e2ce \u00e0 l\u2019interactivit\u00e9 \u00e9tablie entre vous et notre site Web.<\/p>\n<p style=\"text-align: justify;\">Nous utilisons les renseignements ainsi collect\u00e9s pour les finalit\u00e9s suivantes :<\/p>\n<p style=\"text-align: justify;\">Statistiques<br \/> Contact<br \/> Gestion du site Web (pr\u00e9sentation, organisation)<br \/> Nous utilisons \u00e9galement, comme indiqu\u00e9 dans la section suivante, des fichiers t\u00e9moins et\/ou journaux pour r\u00e9unir des informations vous concernant.<\/p>\n<h3 style=\"text-align: justify;\">2. Fichiers journaux et t\u00e9moins<\/h3>\n<p style=\"text-align: justify;\">Nous recueillons certaines informations par le biais de fichiers journaux (log file) et de fichiers t\u00e9moins (cookies). Il s\u2019agit principalement des informations suivantes :<\/p>\n<p style=\"text-align: justify;\">Adresse IP<br \/> Syst\u00e8me d\u2019exploitation<br \/> Pages visit\u00e9es et requ\u00eates<br \/> Heure et jour de connexion<br \/> Le recours \u00e0 de tels fichiers nous permet :<\/p>\n<p style=\"text-align: justify;\">Am\u00e9lioration du service et accueil personnalis\u00e9<br \/> Statistique<\/p>\n<h3 style=\"text-align: justify;\">3. Droit d\u2019opposition et de retrait<\/h3>\n<p style=\"text-align: justify;\">Nous nous engageons \u00e0 vous offrir un droit d\u2019opposition et de retrait quant \u00e0 vos renseignements personnels. Le droit d\u2019opposition s\u2019entend comme \u00e9tant la possibilit\u00e9 offerte aux internautes de refuser que leurs renseignements personnels soient utilis\u00e9es \u00e0 certaines fins mentionn\u00e9es lors de la collecte. Le droit de retrait s\u2019entend comme \u00e9tant la possibilit\u00e9 offerte aux internautes de demander \u00e0 ce que leurs renseignements personnels ne figurent plus, par exemple, dans une liste de diffusion. Pour pouvoir exercer ces droits, vous pouvez nous contacter \u00e0 l\u2019adresse suivante : <a href=\"mailto:baptistecaron02@gmail.com\">baptistecaron02@gmail.com<\/a><\/p>\n<h3 style=\"text-align: justify;\">4. Droit d\u2019acc\u00e8s<\/h3>\n<p style=\"text-align: justify;\">Nous nous engageons \u00e0 reconna\u00eetre un droit d\u2019acc\u00e8s et de rectification aux personnes concern\u00e9es d\u00e9sireuses de consulter, modifier, voire radier les informations les concernant. Pour pouvoir exercer ce droit, vous pouvez nous contacter \u00e0 l\u2019adresse suivante : <a href=\"mailto:baptistecaron02@gmail.com\">baptistecaron02@gmail.com<\/a><\/p>\n<h3 style=\"text-align: justify;\">5. S\u00e9curit\u00e9<\/h3>\n<p style=\"text-align: justify;\">Les renseignements personnels que nous collectons sont conserv\u00e9s dans un environnement s\u00e9curis\u00e9. Les personnes travaillant avec nous sont tenues de respecter la confidentialit\u00e9 de vos informations. Pour assurer la s\u00e9curit\u00e9 de vos renseignements personnels, nous avons recours aux mesures suivantes :<\/p>\n<p style=\"text-align: justify;\">Protocole SSL (Secure Sockets Layer)<br \/> Gestion des acc\u00e8s \u2013 personne autoris\u00e9e<br \/> Gestion des acc\u00e8s \u2013 personne concern\u00e9e<br \/> Sauvegarde informatique<br \/> Identifiant \/ mot de passe<br \/> Pare-feu (Firewalls)<br \/> Nous nous engageons \u00e0 maintenir un haut degr\u00e9 de confidentialit\u00e9 en int\u00e9grant les derni\u00e8res innovations technologiques permettant d\u2019assurer la confidentialit\u00e9 de vos transactions. Toutefois, comme aucun m\u00e9canisme n\u2019offre une s\u00e9curit\u00e9 maximale, une part de risque est toujours pr\u00e9sente lorsque l\u2019on utilise Internet pour transmettre des renseignements personnels.<\/p>\n<h3 style=\"text-align: justify;\">6. L\u00e9gislation<\/h3>\n<p style=\"text-align: justify;\">Nous nous engageons \u00e0 respecter les dispositions l\u00e9gislatives \u00e9nonc\u00e9es dans : Le R\u00e8glement G\u00e9n\u00e9ral sur la Protection des Donn\u00e9es.<\/p>\n<p style=\"text-align: justify;\">Tout utilisateur du site <a href=\"http:\/\/www.baptistecaron.fr\">www.baptistecaron.fr<\/a> est en droit d\u2019introduire une r\u00e9clamation aupr\u00e8s de la Cnil.<\/p>\n<p>[\/et_pb_text][\/et_pb_column][\/et_pb_row][\/et_pb_section][et_pb_section fb_built=&#8221;1&#8243; _builder_version=&#8221;4.7.7&#8243; _module_preset=&#8221;default&#8221; background_image=&#8221;https:\/\/baptistecaron.fr\/wp-content\/uploads\/2021\/02\/lethe_4.png&#8221; width=&#8221;100%&#8221; max_width=&#8221;100%&#8221; module_alignment=&#8221;center&#8221; min_height=&#8221;354px&#8221; height=&#8221;294px&#8221; custom_margin=&#8221;||2px|||&#8221; custom_padding=&#8221;0px|||||&#8221;][\/et_pb_section]<\/p>\n","protected":false},"excerpt":{"rendered":"<p>[et_pb_section fb_built=&#8221;1&#8243; _builder_version=&#8221;4.7.7&#8243; _module_preset=&#8221;default&#8221; use_background_color_gradient=&#8221;on&#8221; background_color_gradient_start=&#8221;rgba(0,45,45,0.57)&#8221; background_color_gradient_end=&#8221;rgba(0,0,0,0)&#8221; background_color_gradient_direction=&#8221;105deg&#8221; background_color_gradient_end_position=&#8221;70%&#8221; background_color_gradient_overlays_image=&#8221;on&#8221; background_image=&#8221;https:\/\/baptistecaron.fr\/wp-content\/uploads\/2021\/01\/1593520630923.jpg&#8221; background_position=&#8221;top_center&#8221; height=&#8221;352px&#8221; custom_margin=&#8221;||0px|||&#8221; custom_padding=&#8221;289px||5px||false|false&#8221; background_last_edited=&#8221;on|phone&#8221; background_size_phone=&#8221;contain&#8221;][et_pb_row _builder_version=&#8221;4.7.7&#8243; _module_preset=&#8221;default&#8221; background_color=&#8221;rgba(0,0,0,0)&#8221; width=&#8221;100%&#8221; custom_margin=&#8221;-2px|auto|-6px|auto||&#8221; custom_padding=&#8221;3px||4px|||&#8221;][et_pb_column type=&#8221;4_4&#8243; _builder_version=&#8221;4.7.7&#8243; _module_preset=&#8221;default&#8221;][et_pb_text _builder_version=&#8221;4.7.7&#8243; _module_preset=&#8221;default&#8221; text_font=&#8221;Courier Prime||||||||&#8221; text_text_color=&#8221;#ffffff&#8221; text_font_size=&#8221;17px&#8221; text_line_height=&#8221;2.2em&#8221; header_font=&#8221;Courier Prime||||||||&#8221; header_text_color=&#8221;#ffffff&#8221; header_font_size=&#8221;34px&#8221; header_letter_spacing=&#8221;2px&#8221; header_2_font=&#8221;Courier Prime||||||||&#8221; header_2_text_color=&#8221;#ffffff&#8221; background_color=&#8221;rgba(0,0,0,0)&#8221; text_orientation=&#8221;center&#8221; custom_margin=&#8221;6px||5px|||&#8221; custom_padding=&#8221;0px||0px|||&#8221;] Mentions l\u00e9gales et politique de confidentialit\u00e9 [\/et_pb_text][\/et_pb_column][\/et_pb_row][\/et_pb_section][et_pb_section fb_built=&#8221;1&#8243; _builder_version=&#8221;4.7.7&#8243; _module_preset=&#8221;default&#8221; [&hellip;]<\/p>\n","protected":false},"author":1,"featured_media":0,"parent":0,"menu_order":0,"comment_status":"closed","ping_status":"closed","template":"","meta":{"_et_pb_use_builder":"on","_et_pb_old_content":"","_et_gb_content_width":"","footnotes":""},"class_list":["post-244737","page","type-page","status-publish","hentry"],"yoast_head":"<!-- This site is optimized with the Yoast SEO plugin v24.6 - https:\/\/yoast.com\/wordpress\/plugins\/seo\/ -->\n<title>Mentions l\u00e9gales - Baptiste Caron<\/title>\n<meta name=\"robots\" content=\"index, follow, max-snippet:-1, max-image-preview:large, max-video-preview:-1\" \/>\n<link rel=\"canonical\" href=\"https:\/\/baptistecaron.fr\/index.php\/mentions-legales\/\" \/>\n<meta property=\"og:locale\" content=\"en_US\" \/>\n<meta property=\"og:type\" content=\"article\" \/>\n<meta property=\"og:title\" content=\"Mentions l\u00e9gales - Baptiste Caron\" \/>\n<meta property=\"og:description\" content=\"[et_pb_section fb_built=&#8221;1&#8243; _builder_version=&#8221;4.7.7&#8243; _module_preset=&#8221;default&#8221; use_background_color_gradient=&#8221;on&#8221; background_color_gradient_start=&#8221;rgba(0,45,45,0.57)&#8221; background_color_gradient_end=&#8221;rgba(0,0,0,0)&#8221; background_color_gradient_direction=&#8221;105deg&#8221; background_color_gradient_end_position=&#8221;70%&#8221; background_color_gradient_overlays_image=&#8221;on&#8221; background_image=&#8221;https:\/\/baptistecaron.fr\/wp-content\/uploads\/2021\/01\/1593520630923.jpg&#8221; background_position=&#8221;top_center&#8221; height=&#8221;352px&#8221; custom_margin=&#8221;||0px|||&#8221; custom_padding=&#8221;289px||5px||false|false&#8221; background_last_edited=&#8221;on|phone&#8221; background_size_phone=&#8221;contain&#8221;][et_pb_row _builder_version=&#8221;4.7.7&#8243; _module_preset=&#8221;default&#8221; background_color=&#8221;rgba(0,0,0,0)&#8221; width=&#8221;100%&#8221; custom_margin=&#8221;-2px|auto|-6px|auto||&#8221; custom_padding=&#8221;3px||4px|||&#8221;][et_pb_column type=&#8221;4_4&#8243; _builder_version=&#8221;4.7.7&#8243; _module_preset=&#8221;default&#8221;][et_pb_text _builder_version=&#8221;4.7.7&#8243; _module_preset=&#8221;default&#8221; text_font=&#8221;Courier Prime||||||||&#8221; text_text_color=&#8221;#ffffff&#8221; text_font_size=&#8221;17px&#8221; text_line_height=&#8221;2.2em&#8221; header_font=&#8221;Courier Prime||||||||&#8221; header_text_color=&#8221;#ffffff&#8221; header_font_size=&#8221;34px&#8221; header_letter_spacing=&#8221;2px&#8221; header_2_font=&#8221;Courier Prime||||||||&#8221; header_2_text_color=&#8221;#ffffff&#8221; background_color=&#8221;rgba(0,0,0,0)&#8221; text_orientation=&#8221;center&#8221; custom_margin=&#8221;6px||5px|||&#8221; custom_padding=&#8221;0px||0px|||&#8221;] Mentions l\u00e9gales et politique de confidentialit\u00e9 [\/et_pb_text][\/et_pb_column][\/et_pb_row][\/et_pb_section][et_pb_section fb_built=&#8221;1&#8243; _builder_version=&#8221;4.7.7&#8243; _module_preset=&#8221;default&#8221; [&hellip;]\" \/>\n<meta property=\"og:url\" content=\"https:\/\/baptistecaron.fr\/index.php\/mentions-legales\/\" \/>\n<meta property=\"og:site_name\" content=\"Baptiste Caron\" \/>\n<meta property=\"article:modified_time\" content=\"2021-03-23T08:37:13+00:00\" \/>\n<meta name=\"twitter:card\" content=\"summary_large_image\" \/>\n<script type=\"application\/ld+json\" class=\"yoast-schema-graph\">{\"@context\":\"https:\/\/schema.org\",\"@graph\":[{\"@type\":\"WebPage\",\"@id\":\"https:\/\/baptistecaron.fr\/index.php\/mentions-legales\/\",\"url\":\"https:\/\/baptistecaron.fr\/index.php\/mentions-legales\/\",\"name\":\"Mentions l\u00e9gales - Baptiste Caron\",\"isPartOf\":{\"@id\":\"https:\/\/baptistecaron.fr\/#website\"},\"datePublished\":\"2021-03-18T21:00:22+00:00\",\"dateModified\":\"2021-03-23T08:37:13+00:00\",\"breadcrumb\":{\"@id\":\"https:\/\/baptistecaron.fr\/index.php\/mentions-legales\/#breadcrumb\"},\"inLanguage\":\"en-US\",\"potentialAction\":[{\"@type\":\"ReadAction\",\"target\":[\"https:\/\/baptistecaron.fr\/index.php\/mentions-legales\/\"]}]},{\"@type\":\"BreadcrumbList\",\"@id\":\"https:\/\/baptistecaron.fr\/index.php\/mentions-legales\/#breadcrumb\",\"itemListElement\":[{\"@type\":\"ListItem\",\"position\":1,\"name\":\"Accueil\",\"item\":\"https:\/\/baptistecaron.fr\/\"},{\"@type\":\"ListItem\",\"position\":2,\"name\":\"Mentions l\u00e9gales\"}]},{\"@type\":\"WebSite\",\"@id\":\"https:\/\/baptistecaron.fr\/#website\",\"url\":\"https:\/\/baptistecaron.fr\/\",\"name\":\"Baptiste Caron\",\"description\":\"Sc\u00e9nariste\",\"potentialAction\":[{\"@type\":\"SearchAction\",\"target\":{\"@type\":\"EntryPoint\",\"urlTemplate\":\"https:\/\/baptistecaron.fr\/?s={search_term_string}\"},\"query-input\":{\"@type\":\"PropertyValueSpecification\",\"valueRequired\":true,\"valueName\":\"search_term_string\"}}],\"inLanguage\":\"en-US\"}]}<\/script>\n<!-- \/ Yoast SEO plugin. -->","yoast_head_json":{"title":"Mentions l\u00e9gales - Baptiste Caron","robots":{"index":"index","follow":"follow","max-snippet":"max-snippet:-1","max-image-preview":"max-image-preview:large","max-video-preview":"max-video-preview:-1"},"canonical":"https:\/\/baptistecaron.fr\/index.php\/mentions-legales\/","og_locale":"en_US","og_type":"article","og_title":"Mentions l\u00e9gales - Baptiste Caron","og_description":"[et_pb_section fb_built=&#8221;1&#8243; _builder_version=&#8221;4.7.7&#8243; _module_preset=&#8221;default&#8221; use_background_color_gradient=&#8221;on&#8221; background_color_gradient_start=&#8221;rgba(0,45,45,0.57)&#8221; background_color_gradient_end=&#8221;rgba(0,0,0,0)&#8221; background_color_gradient_direction=&#8221;105deg&#8221; background_color_gradient_end_position=&#8221;70%&#8221; background_color_gradient_overlays_image=&#8221;on&#8221; background_image=&#8221;https:\/\/baptistecaron.fr\/wp-content\/uploads\/2021\/01\/1593520630923.jpg&#8221; background_position=&#8221;top_center&#8221; height=&#8221;352px&#8221; custom_margin=&#8221;||0px|||&#8221; custom_padding=&#8221;289px||5px||false|false&#8221; background_last_edited=&#8221;on|phone&#8221; background_size_phone=&#8221;contain&#8221;][et_pb_row _builder_version=&#8221;4.7.7&#8243; _module_preset=&#8221;default&#8221; background_color=&#8221;rgba(0,0,0,0)&#8221; width=&#8221;100%&#8221; custom_margin=&#8221;-2px|auto|-6px|auto||&#8221; custom_padding=&#8221;3px||4px|||&#8221;][et_pb_column type=&#8221;4_4&#8243; _builder_version=&#8221;4.7.7&#8243; _module_preset=&#8221;default&#8221;][et_pb_text _builder_version=&#8221;4.7.7&#8243; _module_preset=&#8221;default&#8221; text_font=&#8221;Courier Prime||||||||&#8221; text_text_color=&#8221;#ffffff&#8221; text_font_size=&#8221;17px&#8221; text_line_height=&#8221;2.2em&#8221; header_font=&#8221;Courier Prime||||||||&#8221; header_text_color=&#8221;#ffffff&#8221; header_font_size=&#8221;34px&#8221; header_letter_spacing=&#8221;2px&#8221; header_2_font=&#8221;Courier Prime||||||||&#8221; header_2_text_color=&#8221;#ffffff&#8221; background_color=&#8221;rgba(0,0,0,0)&#8221; text_orientation=&#8221;center&#8221; custom_margin=&#8221;6px||5px|||&#8221; custom_padding=&#8221;0px||0px|||&#8221;] Mentions l\u00e9gales et politique de confidentialit\u00e9 [\/et_pb_text][\/et_pb_column][\/et_pb_row][\/et_pb_section][et_pb_section fb_built=&#8221;1&#8243; _builder_version=&#8221;4.7.7&#8243; _module_preset=&#8221;default&#8221; [&hellip;]","og_url":"https:\/\/baptistecaron.fr\/index.php\/mentions-legales\/","og_site_name":"Baptiste Caron","article_modified_time":"2021-03-23T08:37:13+00:00","twitter_card":"summary_large_image","schema":{"@context":"https:\/\/schema.org","@graph":[{"@type":"WebPage","@id":"https:\/\/baptistecaron.fr\/index.php\/mentions-legales\/","url":"https:\/\/baptistecaron.fr\/index.php\/mentions-legales\/","name":"Mentions l\u00e9gales - Baptiste Caron","isPartOf":{"@id":"https:\/\/baptistecaron.fr\/#website"},"datePublished":"2021-03-18T21:00:22+00:00","dateModified":"2021-03-23T08:37:13+00:00","breadcrumb":{"@id":"https:\/\/baptistecaron.fr\/index.php\/mentions-legales\/#breadcrumb"},"inLanguage":"en-US","potentialAction":[{"@type":"ReadAction","target":["https:\/\/baptistecaron.fr\/index.php\/mentions-legales\/"]}]},{"@type":"BreadcrumbList","@id":"https:\/\/baptistecaron.fr\/index.php\/mentions-legales\/#breadcrumb","itemListElement":[{"@type":"ListItem","position":1,"name":"Accueil","item":"https:\/\/baptistecaron.fr\/"},{"@type":"ListItem","position":2,"name":"Mentions l\u00e9gales"}]},{"@type":"WebSite","@id":"https:\/\/baptistecaron.fr\/#website","url":"https:\/\/baptistecaron.fr\/","name":"Baptiste Caron","description":"Sc\u00e9nariste","potentialAction":[{"@type":"SearchAction","target":{"@type":"EntryPoint","urlTemplate":"https:\/\/baptistecaron.fr\/?s={search_term_string}"},"query-input":{"@type":"PropertyValueSpecification","valueRequired":true,"valueName":"search_term_string"}}],"inLanguage":"en-US"}]}},"_links":{"self":[{"href":"https:\/\/baptistecaron.fr\/index.php\/wp-json\/wp\/v2\/pages\/244737","targetHints":{"allow":["GET"]}}],"collection":[{"href":"https:\/\/baptistecaron.fr\/index.php\/wp-json\/wp\/v2\/pages"}],"about":[{"href":"https:\/\/baptistecaron.fr\/index.php\/wp-json\/wp\/v2\/types\/page"}],"author":[{"embeddable":true,"href":"https:\/\/baptistecaron.fr\/index.php\/wp-json\/wp\/v2\/users\/1"}],"replies":[{"embeddable":true,"href":"https:\/\/baptistecaron.fr\/index.php\/wp-json\/wp\/v2\/comments?post=244737"}],"version-history":[{"count":6,"href":"https:\/\/baptistecaron.fr\/index.php\/wp-json\/wp\/v2\/pages\/244737\/revisions"}],"predecessor-version":[{"id":244859,"href":"https:\/\/baptistecaron.fr\/index.php\/wp-json\/wp\/v2\/pages\/244737\/revisions\/244859"}],"wp:attachment":[{"href":"https:\/\/baptistecaron.fr\/index.php\/wp-json\/wp\/v2\/media?parent=244737"}],"curies":[{"name":"wp","href":"https:\/\/api.w.org\/{rel}","templated":true}]}}