{"id":244720,"date":"2021-03-18T12:48:23","date_gmt":"2021-03-18T11:48:23","guid":{"rendered":"https:\/\/baptistecaron.fr\/?page_id=244720"},"modified":"2021-03-22T15:25:57","modified_gmt":"2021-03-22T14:25:57","slug":"les-gros-nuages-blancs","status":"publish","type":"page","link":"https:\/\/baptistecaron.fr\/index.php\/les-gros-nuages-blancs\/","title":{"rendered":"Les Gros Nuages Blancs"},"content":{"rendered":"<p>[et_pb_section fb_built=&#8221;1&#8243; _builder_version=&#8221;4.7.7&#8243; _module_preset=&#8221;default&#8221; use_background_color_gradient=&#8221;on&#8221; background_color_gradient_start=&#8221;rgba(0,45,45,0.57)&#8221; background_color_gradient_end=&#8221;rgba(0,0,0,0)&#8221; background_color_gradient_direction=&#8221;105deg&#8221; background_color_gradient_end_position=&#8221;70%&#8221; background_color_gradient_overlays_image=&#8221;on&#8221; background_image=&#8221;https:\/\/baptistecaron.fr\/wp-content\/uploads\/2021\/01\/1593520630923.jpg&#8221; background_position=&#8221;top_center&#8221; min_height_tablet=&#8221;&#8221; min_height_phone=&#8221;131px&#8221; min_height_last_edited=&#8221;on|phone&#8221; height=&#8221;306px&#8221; height_tablet=&#8221;&#8221; height_phone=&#8221;&#8221; height_last_edited=&#8221;on|phone&#8221; custom_margin=&#8221;||0px|||&#8221; custom_padding=&#8221;0px||0px||false|false&#8221; background_last_edited=&#8221;on|phone&#8221; background_color_gradient_start_phone=&#8221;rgba(0,45,45,0.67)&#8221; background_color_gradient_end_position_phone=&#8221;100%&#8221; background_color_gradient_overlays_image_phone=&#8221;on&#8221; background_image_phone=&#8221;https:\/\/baptistecaron.fr\/wp-content\/uploads\/2021\/01\/telechargement.png&#8221; background_enable_image_phone=&#8221;on&#8221; parallax_phone=&#8221;off&#8221; background_size_phone=&#8221;cover&#8221; background_position_phone=&#8221;top_right&#8221; background_repeat_phone=&#8221;no-repeat&#8221; title_text_phone=&#8221;couverture&#8221;][et_pb_row custom_padding_last_edited=&#8221;on|phone&#8221; _builder_version=&#8221;4.7.7&#8243; _module_preset=&#8221;default&#8221; background_color=&#8221;rgba(0,0,0,0)&#8221; width=&#8221;96%&#8221; min_height_tablet=&#8221;&#8221; min_height_phone=&#8221;&#8221; min_height_last_edited=&#8221;on|phone&#8221; height_tablet=&#8221;&#8221; height_phone=&#8221;304px&#8221; height_last_edited=&#8221;on|phone&#8221; max_height_tablet=&#8221;&#8221; max_height_phone=&#8221;124px&#8221; max_height_last_edited=&#8221;on|phone&#8221; custom_margin=&#8221;0px|auto|0px|auto|false|false&#8221; custom_margin_tablet=&#8221;&#8221; custom_margin_phone=&#8221;&#8221; custom_margin_last_edited=&#8221;on|desktop&#8221; custom_padding=&#8221;17.7%||0px||false|false&#8221; custom_padding_tablet=&#8221;15%||0px||false|false&#8221; custom_padding_phone=&#8221;6%||||false|false&#8221;][et_pb_column type=&#8221;4_4&#8243; _builder_version=&#8221;4.7.7&#8243; _module_preset=&#8221;default&#8221;][et_pb_text _builder_version=&#8221;4.7.7&#8243; _module_preset=&#8221;default&#8221; text_font=&#8221;Courier Prime||||||||&#8221; text_text_color=&#8221;#ffffff&#8221; text_font_size=&#8221;17px&#8221; text_line_height=&#8221;2.2em&#8221; header_font=&#8221;Courier Prime||||||||&#8221; header_text_color=&#8221;#ffffff&#8221; header_font_size=&#8221;34px&#8221; header_letter_spacing=&#8221;2px&#8221; header_2_font=&#8221;Courier Prime||||||||&#8221; header_2_text_color=&#8221;#ffffff&#8221; background_color=&#8221;rgba(0,0,0,0)&#8221; text_orientation=&#8221;center&#8221; custom_margin=&#8221;6px||5px|||&#8221; custom_margin_tablet=&#8221;&#8221; custom_margin_phone=&#8221;&#8221; custom_margin_last_edited=&#8221;on|phone&#8221; custom_padding=&#8221;0px||0px|||&#8221; custom_padding_tablet=&#8221;||0px||false|false&#8221; custom_padding_phone=&#8221;61px||5px||false|false&#8221; custom_padding_last_edited=&#8221;on|phone&#8221; header_font_size_tablet=&#8221;&#8221; header_font_size_phone=&#8221;22px&#8221; header_font_size_last_edited=&#8221;on|phone&#8221;]<\/p>\n<h1 style=\"text-align: left;\">Les Gros Nuages Blancs<\/h1>\n<p>[\/et_pb_text][\/et_pb_column][\/et_pb_row][\/et_pb_section][et_pb_section fb_built=&#8221;1&#8243; _builder_version=&#8221;4.7.7&#8243; _module_preset=&#8221;default&#8221; custom_padding=&#8221;19px||13px|||&#8221;][et_pb_row _builder_version=&#8221;4.7.7&#8243; _module_preset=&#8221;default&#8221;][et_pb_column type=&#8221;4_4&#8243; _builder_version=&#8221;4.7.7&#8243; _module_preset=&#8221;default&#8221;][et_pb_text _builder_version=&#8221;4.7.7&#8243; _module_preset=&#8221;default&#8221;]<\/p>\n<h4 style=\"text-align: center;\">C\u2019est l\u2019histoire&#8230; de nuages myst\u00e9rieux dans un ciel post-apocalyptique<\/h4>\n<p>[\/et_pb_text][\/et_pb_column][\/et_pb_row][\/et_pb_section][et_pb_section fb_built=&#8221;1&#8243; _builder_version=&#8221;4.7.7&#8243; _module_preset=&#8221;default&#8221; background_color=&#8221;#0b282e&#8221; custom_padding=&#8221;0px||5px|||&#8221;][et_pb_row _builder_version=&#8221;4.7.7&#8243; _module_preset=&#8221;default&#8221; custom_margin=&#8221;|auto|5px|auto||&#8221; custom_padding=&#8221;6px|||||&#8221;][et_pb_column type=&#8221;4_4&#8243; _builder_version=&#8221;4.7.7&#8243; _module_preset=&#8221;default&#8221;][et_pb_text _builder_version=&#8221;4.7.7&#8243; _module_preset=&#8221;default&#8221; text_font=&#8221;||||||||&#8221; text_text_color=&#8221;#ffffff&#8221; text_line_height=&#8221;1.6em&#8221; link_text_color=&#8221;#f9db6d&#8221; header_2_text_color=&#8221;#ffffff&#8221; header_2_letter_spacing=&#8221;2px&#8221; header_2_line_height=&#8221;2em&#8221; header_5_text_color=&#8221;#ffffff&#8221; header_5_letter_spacing=&#8221;1px&#8221; header_5_line_height=&#8221;1.4em&#8221; background_color=&#8221;rgba(0,0,0,0)&#8221; text_orientation=&#8221;center&#8221; min_height=&#8221;152.9px&#8221; custom_padding=&#8221;14px|||||&#8221;]<\/p>\n<div class=\"et_pb_module et_pb_text et_pb_text_5  et_pb_text_align_left et_pb_bg_layout_light\">\n<div class=\"et_pb_text_inner\">\n<h5 style=\"text-align: center;\">Pi\u00e8ce de th\u00e9\u00e2tre<\/h5>\n<h5 style=\"text-align: center;\">Post Apocalyptique \u2013 1h20<\/h5>\n<p style=\"text-align: center;\">Dans un monde d\u00e9vast\u00e9 par une guerre nucl\u00e9aire, une jeune femme sillonne le monde dans une caravane, accompagn\u00e9 par son grand-p\u00e8re scientifique, obs\u00e9d\u00e9 par la pr\u00e9sence dans le ciel de gros nuages blancs se d\u00e9pla\u00e7ant sans \u00eatre soumis aux vents.<\/p>\n<\/div>\n<\/div>\n<p>[\/et_pb_text][\/et_pb_column][\/et_pb_row][\/et_pb_section][et_pb_section fb_built=&#8221;1&#8243; _builder_version=&#8221;4.7.7&#8243; _module_preset=&#8221;default&#8221; custom_padding=&#8221;3px||0px|||&#8221;][et_pb_row _builder_version=&#8221;4.7.7&#8243; _module_preset=&#8221;default&#8221;][et_pb_column type=&#8221;4_4&#8243; _builder_version=&#8221;4.7.7&#8243; _module_preset=&#8221;default&#8221;][et_pb_text _builder_version=&#8221;4.7.7&#8243; _module_preset=&#8221;default&#8221;]<\/p>\n<h2 style=\"text-align: center;\">Documents disponibles<\/h2>\n<p style=\"text-align: center;\">Pas de documents disponibles pour l&#8217;instant<\/p>\n<p>&nbsp;<\/p>\n<p>[\/et_pb_text][\/et_pb_column][\/et_pb_row][\/et_pb_section][et_pb_section fb_built=&#8221;1&#8243; _builder_version=&#8221;4.7.7&#8243; _module_preset=&#8221;default&#8221; custom_padding=&#8221;0px||5px|||&#8221;][et_pb_row _builder_version=&#8221;4.7.7&#8243; _module_preset=&#8221;default&#8221;][et_pb_column type=&#8221;4_4&#8243; _builder_version=&#8221;4.7.7&#8243; _module_preset=&#8221;default&#8221;][et_pb_text _builder_version=&#8221;4.7.7&#8243; _module_preset=&#8221;default&#8221; hover_enabled=&#8221;0&#8243; sticky_enabled=&#8221;0&#8243;]<\/p>\n<h4 style=\"text-align: center;\">Ce projet vous int\u00e9resse ou vous voulez en savoir plus ?<\/h4>\n<p>[\/et_pb_text][et_pb_button button_url=&#8221;@ET-DC@eyJkeW5hbWljIjp0cnVlLCJjb250ZW50IjoicG9zdF9saW5rX3VybF9wYWdlIiwic2V0dGluZ3MiOnsicG9zdF9pZCI6IjYxIn19@&#8221; button_text=&#8221;Contactez-moi&#8221; button_alignment=&#8221;center&#8221; _builder_version=&#8221;4.7.7&#8243; _dynamic_attributes=&#8221;button_url&#8221; _module_preset=&#8221;default&#8221; custom_button=&#8221;on&#8221; button_text_size=&#8221;24px&#8221; button_text_color=&#8221;#ffffff&#8221; button_bg_color=&#8221;#85210b&#8221; button_border_radius=&#8221;11px&#8221; button_letter_spacing=&#8221;1px&#8221; hover_enabled=&#8221;0&#8243; sticky_enabled=&#8221;0&#8243;][\/et_pb_button][\/et_pb_column][\/et_pb_row][\/et_pb_section]<\/p>\n","protected":false},"excerpt":{"rendered":"<p>[et_pb_section fb_built=&#8221;1&#8243; _builder_version=&#8221;4.7.7&#8243; _module_preset=&#8221;default&#8221; use_background_color_gradient=&#8221;on&#8221; background_color_gradient_start=&#8221;rgba(0,45,45,0.57)&#8221; background_color_gradient_end=&#8221;rgba(0,0,0,0)&#8221; background_color_gradient_direction=&#8221;105deg&#8221; background_color_gradient_end_position=&#8221;70%&#8221; background_color_gradient_overlays_image=&#8221;on&#8221; background_image=&#8221;https:\/\/baptistecaron.fr\/wp-content\/uploads\/2021\/01\/1593520630923.jpg&#8221; background_position=&#8221;top_center&#8221; min_height_tablet=&#8221;&#8221; min_height_phone=&#8221;131px&#8221; min_height_last_edited=&#8221;on|phone&#8221; height=&#8221;306px&#8221; height_tablet=&#8221;&#8221; height_phone=&#8221;&#8221; height_last_edited=&#8221;on|phone&#8221; custom_margin=&#8221;||0px|||&#8221; custom_padding=&#8221;0px||0px||false|false&#8221; background_last_edited=&#8221;on|phone&#8221; background_color_gradient_start_phone=&#8221;rgba(0,45,45,0.67)&#8221; background_color_gradient_end_position_phone=&#8221;100%&#8221; background_color_gradient_overlays_image_phone=&#8221;on&#8221; background_image_phone=&#8221;https:\/\/baptistecaron.fr\/wp-content\/uploads\/2021\/01\/telechargement.png&#8221; background_enable_image_phone=&#8221;on&#8221; parallax_phone=&#8221;off&#8221; background_size_phone=&#8221;cover&#8221; background_position_phone=&#8221;top_right&#8221; background_repeat_phone=&#8221;no-repeat&#8221; title_text_phone=&#8221;couverture&#8221;][et_pb_row custom_padding_last_edited=&#8221;on|phone&#8221; _builder_version=&#8221;4.7.7&#8243; _module_preset=&#8221;default&#8221; background_color=&#8221;rgba(0,0,0,0)&#8221; width=&#8221;96%&#8221; min_height_tablet=&#8221;&#8221; min_height_phone=&#8221;&#8221; min_height_last_edited=&#8221;on|phone&#8221; height_tablet=&#8221;&#8221; height_phone=&#8221;304px&#8221; height_last_edited=&#8221;on|phone&#8221; max_height_tablet=&#8221;&#8221; max_height_phone=&#8221;124px&#8221; max_height_last_edited=&#8221;on|phone&#8221; custom_margin=&#8221;0px|auto|0px|auto|false|false&#8221; custom_margin_tablet=&#8221;&#8221; custom_margin_phone=&#8221;&#8221; custom_margin_last_edited=&#8221;on|desktop&#8221; custom_padding=&#8221;17.7%||0px||false|false&#8221; custom_padding_tablet=&#8221;15%||0px||false|false&#8221; custom_padding_phone=&#8221;6%||||false|false&#8221;][et_pb_column type=&#8221;4_4&#8243; _builder_version=&#8221;4.7.7&#8243; [&hellip;]<\/p>\n","protected":false},"author":1,"featured_media":0,"parent":0,"menu_order":0,"comment_status":"closed","ping_status":"closed","template":"","meta":{"_et_pb_use_builder":"on","_et_pb_old_content":"","_et_gb_content_width":"","footnotes":""},"class_list":["post-244720","page","type-page","status-publish","hentry"],"yoast_head":"<!-- This site is optimized with the Yoast SEO plugin v24.6 - https:\/\/yoast.com\/wordpress\/plugins\/seo\/ -->\n<title>Les Gros Nuages Blancs - Baptiste Caron<\/title>\n<meta name=\"robots\" content=\"index, follow, max-snippet:-1, max-image-preview:large, max-video-preview:-1\" \/>\n<link rel=\"canonical\" href=\"https:\/\/baptistecaron.fr\/index.php\/les-gros-nuages-blancs\/\" \/>\n<meta property=\"og:locale\" content=\"en_US\" \/>\n<meta property=\"og:type\" content=\"article\" \/>\n<meta property=\"og:title\" content=\"Les Gros Nuages Blancs - Baptiste Caron\" \/>\n<meta property=\"og:description\" content=\"[et_pb_section fb_built=&#8221;1&#8243; _builder_version=&#8221;4.7.7&#8243; _module_preset=&#8221;default&#8221; use_background_color_gradient=&#8221;on&#8221; background_color_gradient_start=&#8221;rgba(0,45,45,0.57)&#8221; background_color_gradient_end=&#8221;rgba(0,0,0,0)&#8221; background_color_gradient_direction=&#8221;105deg&#8221; background_color_gradient_end_position=&#8221;70%&#8221; background_color_gradient_overlays_image=&#8221;on&#8221; background_image=&#8221;https:\/\/baptistecaron.fr\/wp-content\/uploads\/2021\/01\/1593520630923.jpg&#8221; background_position=&#8221;top_center&#8221; min_height_tablet=&#8221;&#8221; min_height_phone=&#8221;131px&#8221; min_height_last_edited=&#8221;on|phone&#8221; height=&#8221;306px&#8221; height_tablet=&#8221;&#8221; height_phone=&#8221;&#8221; height_last_edited=&#8221;on|phone&#8221; custom_margin=&#8221;||0px|||&#8221; custom_padding=&#8221;0px||0px||false|false&#8221; background_last_edited=&#8221;on|phone&#8221; background_color_gradient_start_phone=&#8221;rgba(0,45,45,0.67)&#8221; background_color_gradient_end_position_phone=&#8221;100%&#8221; background_color_gradient_overlays_image_phone=&#8221;on&#8221; background_image_phone=&#8221;https:\/\/baptistecaron.fr\/wp-content\/uploads\/2021\/01\/telechargement.png&#8221; background_enable_image_phone=&#8221;on&#8221; parallax_phone=&#8221;off&#8221; background_size_phone=&#8221;cover&#8221; background_position_phone=&#8221;top_right&#8221; background_repeat_phone=&#8221;no-repeat&#8221; title_text_phone=&#8221;couverture&#8221;][et_pb_row custom_padding_last_edited=&#8221;on|phone&#8221; _builder_version=&#8221;4.7.7&#8243; _module_preset=&#8221;default&#8221; background_color=&#8221;rgba(0,0,0,0)&#8221; width=&#8221;96%&#8221; min_height_tablet=&#8221;&#8221; min_height_phone=&#8221;&#8221; min_height_last_edited=&#8221;on|phone&#8221; height_tablet=&#8221;&#8221; height_phone=&#8221;304px&#8221; height_last_edited=&#8221;on|phone&#8221; max_height_tablet=&#8221;&#8221; max_height_phone=&#8221;124px&#8221; max_height_last_edited=&#8221;on|phone&#8221; custom_margin=&#8221;0px|auto|0px|auto|false|false&#8221; custom_margin_tablet=&#8221;&#8221; custom_margin_phone=&#8221;&#8221; custom_margin_last_edited=&#8221;on|desktop&#8221; custom_padding=&#8221;17.7%||0px||false|false&#8221; custom_padding_tablet=&#8221;15%||0px||false|false&#8221; custom_padding_phone=&#8221;6%||||false|false&#8221;][et_pb_column type=&#8221;4_4&#8243; _builder_version=&#8221;4.7.7&#8243; [&hellip;]\" \/>\n<meta property=\"og:url\" content=\"https:\/\/baptistecaron.fr\/index.php\/les-gros-nuages-blancs\/\" \/>\n<meta property=\"og:site_name\" content=\"Baptiste Caron\" \/>\n<meta property=\"article:modified_time\" content=\"2021-03-22T14:25:57+00:00\" \/>\n<meta name=\"twitter:card\" content=\"summary_large_image\" \/>\n<script type=\"application\/ld+json\" class=\"yoast-schema-graph\">{\"@context\":\"https:\/\/schema.org\",\"@graph\":[{\"@type\":\"WebPage\",\"@id\":\"https:\/\/baptistecaron.fr\/index.php\/les-gros-nuages-blancs\/\",\"url\":\"https:\/\/baptistecaron.fr\/index.php\/les-gros-nuages-blancs\/\",\"name\":\"Les Gros Nuages Blancs - Baptiste Caron\",\"isPartOf\":{\"@id\":\"https:\/\/baptistecaron.fr\/#website\"},\"datePublished\":\"2021-03-18T11:48:23+00:00\",\"dateModified\":\"2021-03-22T14:25:57+00:00\",\"breadcrumb\":{\"@id\":\"https:\/\/baptistecaron.fr\/index.php\/les-gros-nuages-blancs\/#breadcrumb\"},\"inLanguage\":\"en-US\",\"potentialAction\":[{\"@type\":\"ReadAction\",\"target\":[\"https:\/\/baptistecaron.fr\/index.php\/les-gros-nuages-blancs\/\"]}]},{\"@type\":\"BreadcrumbList\",\"@id\":\"https:\/\/baptistecaron.fr\/index.php\/les-gros-nuages-blancs\/#breadcrumb\",\"itemListElement\":[{\"@type\":\"ListItem\",\"position\":1,\"name\":\"Accueil\",\"item\":\"https:\/\/baptistecaron.fr\/\"},{\"@type\":\"ListItem\",\"position\":2,\"name\":\"Les Gros Nuages Blancs\"}]},{\"@type\":\"WebSite\",\"@id\":\"https:\/\/baptistecaron.fr\/#website\",\"url\":\"https:\/\/baptistecaron.fr\/\",\"name\":\"Baptiste Caron\",\"description\":\"Sc\u00e9nariste\",\"potentialAction\":[{\"@type\":\"SearchAction\",\"target\":{\"@type\":\"EntryPoint\",\"urlTemplate\":\"https:\/\/baptistecaron.fr\/?s={search_term_string}\"},\"query-input\":{\"@type\":\"PropertyValueSpecification\",\"valueRequired\":true,\"valueName\":\"search_term_string\"}}],\"inLanguage\":\"en-US\"}]}<\/script>\n<!-- \/ Yoast SEO plugin. -->","yoast_head_json":{"title":"Les Gros Nuages Blancs - Baptiste Caron","robots":{"index":"index","follow":"follow","max-snippet":"max-snippet:-1","max-image-preview":"max-image-preview:large","max-video-preview":"max-video-preview:-1"},"canonical":"https:\/\/baptistecaron.fr\/index.php\/les-gros-nuages-blancs\/","og_locale":"en_US","og_type":"article","og_title":"Les Gros Nuages Blancs - Baptiste Caron","og_description":"[et_pb_section fb_built=&#8221;1&#8243; _builder_version=&#8221;4.7.7&#8243; _module_preset=&#8221;default&#8221; use_background_color_gradient=&#8221;on&#8221; background_color_gradient_start=&#8221;rgba(0,45,45,0.57)&#8221; background_color_gradient_end=&#8221;rgba(0,0,0,0)&#8221; background_color_gradient_direction=&#8221;105deg&#8221; background_color_gradient_end_position=&#8221;70%&#8221; background_color_gradient_overlays_image=&#8221;on&#8221; background_image=&#8221;https:\/\/baptistecaron.fr\/wp-content\/uploads\/2021\/01\/1593520630923.jpg&#8221; background_position=&#8221;top_center&#8221; min_height_tablet=&#8221;&#8221; min_height_phone=&#8221;131px&#8221; min_height_last_edited=&#8221;on|phone&#8221; height=&#8221;306px&#8221; height_tablet=&#8221;&#8221; height_phone=&#8221;&#8221; height_last_edited=&#8221;on|phone&#8221; custom_margin=&#8221;||0px|||&#8221; custom_padding=&#8221;0px||0px||false|false&#8221; background_last_edited=&#8221;on|phone&#8221; background_color_gradient_start_phone=&#8221;rgba(0,45,45,0.67)&#8221; background_color_gradient_end_position_phone=&#8221;100%&#8221; background_color_gradient_overlays_image_phone=&#8221;on&#8221; background_image_phone=&#8221;https:\/\/baptistecaron.fr\/wp-content\/uploads\/2021\/01\/telechargement.png&#8221; background_enable_image_phone=&#8221;on&#8221; parallax_phone=&#8221;off&#8221; background_size_phone=&#8221;cover&#8221; background_position_phone=&#8221;top_right&#8221; background_repeat_phone=&#8221;no-repeat&#8221; title_text_phone=&#8221;couverture&#8221;][et_pb_row custom_padding_last_edited=&#8221;on|phone&#8221; _builder_version=&#8221;4.7.7&#8243; _module_preset=&#8221;default&#8221; background_color=&#8221;rgba(0,0,0,0)&#8221; width=&#8221;96%&#8221; min_height_tablet=&#8221;&#8221; min_height_phone=&#8221;&#8221; min_height_last_edited=&#8221;on|phone&#8221; height_tablet=&#8221;&#8221; height_phone=&#8221;304px&#8221; height_last_edited=&#8221;on|phone&#8221; max_height_tablet=&#8221;&#8221; max_height_phone=&#8221;124px&#8221; max_height_last_edited=&#8221;on|phone&#8221; custom_margin=&#8221;0px|auto|0px|auto|false|false&#8221; custom_margin_tablet=&#8221;&#8221; custom_margin_phone=&#8221;&#8221; custom_margin_last_edited=&#8221;on|desktop&#8221; custom_padding=&#8221;17.7%||0px||false|false&#8221; custom_padding_tablet=&#8221;15%||0px||false|false&#8221; custom_padding_phone=&#8221;6%||||false|false&#8221;][et_pb_column type=&#8221;4_4&#8243; _builder_version=&#8221;4.7.7&#8243; [&hellip;]","og_url":"https:\/\/baptistecaron.fr\/index.php\/les-gros-nuages-blancs\/","og_site_name":"Baptiste Caron","article_modified_time":"2021-03-22T14:25:57+00:00","twitter_card":"summary_large_image","schema":{"@context":"https:\/\/schema.org","@graph":[{"@type":"WebPage","@id":"https:\/\/baptistecaron.fr\/index.php\/les-gros-nuages-blancs\/","url":"https:\/\/baptistecaron.fr\/index.php\/les-gros-nuages-blancs\/","name":"Les Gros Nuages Blancs - Baptiste Caron","isPartOf":{"@id":"https:\/\/baptistecaron.fr\/#website"},"datePublished":"2021-03-18T11:48:23+00:00","dateModified":"2021-03-22T14:25:57+00:00","breadcrumb":{"@id":"https:\/\/baptistecaron.fr\/index.php\/les-gros-nuages-blancs\/#breadcrumb"},"inLanguage":"en-US","potentialAction":[{"@type":"ReadAction","target":["https:\/\/baptistecaron.fr\/index.php\/les-gros-nuages-blancs\/"]}]},{"@type":"BreadcrumbList","@id":"https:\/\/baptistecaron.fr\/index.php\/les-gros-nuages-blancs\/#breadcrumb","itemListElement":[{"@type":"ListItem","position":1,"name":"Accueil","item":"https:\/\/baptistecaron.fr\/"},{"@type":"ListItem","position":2,"name":"Les Gros Nuages Blancs"}]},{"@type":"WebSite","@id":"https:\/\/baptistecaron.fr\/#website","url":"https:\/\/baptistecaron.fr\/","name":"Baptiste Caron","description":"Sc\u00e9nariste","potentialAction":[{"@type":"SearchAction","target":{"@type":"EntryPoint","urlTemplate":"https:\/\/baptistecaron.fr\/?s={search_term_string}"},"query-input":{"@type":"PropertyValueSpecification","valueRequired":true,"valueName":"search_term_string"}}],"inLanguage":"en-US"}]}},"_links":{"self":[{"href":"https:\/\/baptistecaron.fr\/index.php\/wp-json\/wp\/v2\/pages\/244720","targetHints":{"allow":["GET"]}}],"collection":[{"href":"https:\/\/baptistecaron.fr\/index.php\/wp-json\/wp\/v2\/pages"}],"about":[{"href":"https:\/\/baptistecaron.fr\/index.php\/wp-json\/wp\/v2\/types\/page"}],"author":[{"embeddable":true,"href":"https:\/\/baptistecaron.fr\/index.php\/wp-json\/wp\/v2\/users\/1"}],"replies":[{"embeddable":true,"href":"https:\/\/baptistecaron.fr\/index.php\/wp-json\/wp\/v2\/comments?post=244720"}],"version-history":[{"count":4,"href":"https:\/\/baptistecaron.fr\/index.php\/wp-json\/wp\/v2\/pages\/244720\/revisions"}],"predecessor-version":[{"id":244854,"href":"https:\/\/baptistecaron.fr\/index.php\/wp-json\/wp\/v2\/pages\/244720\/revisions\/244854"}],"wp:attachment":[{"href":"https:\/\/baptistecaron.fr\/index.php\/wp-json\/wp\/v2\/media?parent=244720"}],"curies":[{"name":"wp","href":"https:\/\/api.w.org\/{rel}","templated":true}]}}